{"id":102,"date":"2023-12-15T23:08:20","date_gmt":"2023-12-15T22:08:20","guid":{"rendered":"https:\/\/lcp-services.fr\/?page_id=102"},"modified":"2026-03-29T12:23:44","modified_gmt":"2026-03-29T10:23:44","slug":"plomberie-electricite-la-mure","status":"publish","type":"page","link":"https:\/\/lcp-services.fr\/","title":{"rendered":"LCP SERVICES : Travaux de plomberie, chauffage et \u00e9lectricit\u00e9 en Matheysine, Beaumont, Valbonnais, Tri\u00e8ves et Sud Is\u00e8re : 06 66 97 47 39"},"content":{"rendered":"\n<div class=\"wp-block-cover aligncenter is-light hestia-clear-top-padding\" style=\"min-height:1519px;aspect-ratio:unset;\"><span aria-hidden=\"true\" class=\"wp-block-cover__background has-white-background-color has-background-dim-100 has-background-dim\"><\/span><div class=\"wp-block-cover__inner-container is-layout-flow wp-block-cover-is-layout-flow\">\n<figure class=\"wp-block-image alignwide size-full is-style-default\" style=\"margin-top:0;margin-right:0;margin-bottom:0;margin-left:0\"><img loading=\"lazy\" decoding=\"async\" width=\"1424\" height=\"790\" src=\"http:\/\/lcp-services.fr\/wp-content\/uploads\/2024\/11\/Plomberie_electricite_la_mure_isere-e1743349392640.jpg\" alt=\"Plomberie et Electricit\u00e9 en matheysine, la mure is\u00e8re\" class=\"wp-image-232\" srcset=\"https:\/\/lcp-services.fr\/wp-content\/uploads\/2024\/11\/Plomberie_electricite_la_mure_isere-e1743349392640.jpg 1424w, https:\/\/lcp-services.fr\/wp-content\/uploads\/2024\/11\/Plomberie_electricite_la_mure_isere-e1743349392640-300x166.jpg 300w, https:\/\/lcp-services.fr\/wp-content\/uploads\/2024\/11\/Plomberie_electricite_la_mure_isere-e1743349392640-1024x568.jpg 1024w, https:\/\/lcp-services.fr\/wp-content\/uploads\/2024\/11\/Plomberie_electricite_la_mure_isere-e1743349392640-768x426.jpg 768w\" sizes=\"auto, (max-width: 1424px) 100vw, 1424px\" \/><\/figure>\n\n\n\n<div style=\"height:21px\" aria-hidden=\"true\" class=\"wp-block-spacer\"><\/div>\n\n\n\n<div class=\"wp-block-columns is-layout-flex wp-container-core-columns-is-layout-28f84493 wp-block-columns-is-layout-flex\">\n<div class=\"wp-block-column is-layout-flow wp-block-column-is-layout-flow\">\n<p class=\"has-text-align-center\">Cl\u00e9o (plombi\u00e8re, et oui \u00e7a existe !) et Laurent (\u00e9lectricien et plombier-chauffagiste) sont heureux de vous accueillir sur le site de leur <a href=\"https:\/\/lcp-services.fr\/index.php\/2025\/09\/01\/lcp-devient-une-scop\/\">SCOP<\/a> de plomberie, \u00e9lectricit\u00e9 et chauffage \u00e0 La Mure. Bas\u00e9e en Matheysine, \u00e0 30km au Sud de Grenoble, l&rsquo;entreprise propose des services aux particuliers et aux professionnels, pour des travaux de r\u00e9novation ou de construction neuve. Du d\u00e9pannage \u00e0 la pr\u00e9vention, elle se sp\u00e9cialise aussi dans la gestion de l&rsquo;eau et de l&rsquo;\u00e9nergie : r\u00e9colte d&rsquo;eau de pluie, recyclage des eaux grises, adoucissement de l&rsquo;eau et d\u00e9tartrage, mise en place d&rsquo;IRVE&#8230;<\/p>\n<\/div>\n<\/div>\n\n\n\n<div style=\"height:16px\" aria-hidden=\"true\" class=\"wp-block-spacer\"><\/div>\n\n\n\n<div class=\"wp-block-columns container has-white-color has-header-gradient-background-color has-text-color has-background has-link-color wp-elements-4d3495986213152fadeb923b0e98fa4d is-layout-flex wp-container-core-columns-is-layout-28f84493 wp-block-columns-is-layout-flex\">\n<div class=\"wp-block-column is-layout-flow wp-block-column-is-layout-flow\"><div class=\"wp-block-image\">\n<figure class=\"aligncenter size-medium\"><img loading=\"lazy\" decoding=\"async\" width=\"136\" height=\"300\" src=\"https:\/\/lcp-services.fr\/wp-content\/uploads\/2025\/03\/Electricien-la-mure-136x300.png\" alt=\"Electricien La Mure Is\u00e8re\" class=\"wp-image-294\" srcset=\"https:\/\/lcp-services.fr\/wp-content\/uploads\/2025\/03\/Electricien-la-mure-136x300.png 136w, https:\/\/lcp-services.fr\/wp-content\/uploads\/2025\/03\/Electricien-la-mure.png 458w\" sizes=\"auto, (max-width: 136px) 100vw, 136px\" \/><\/figure>\n<\/div>\n\n\n<h5 class=\"wp-block-heading has-text-align-center has-text-color\" style=\"color:#3c4858;font-size:18px\"><a href=\"https:\/\/lcp-services.fr\/index.php\/electricite-isere\/\">Travaux d&rsquo;\u00e9lectricit\u00e9 et chauffage<\/a><\/h5>\n\n\n\n<p class=\"has-text-align-center has-white-color has-text-color\" style=\"font-size:14px\">Electricit\u00e9 g\u00e9n\u00e9rale, mise \u00e0 la terre, bornes de recharges \u00e9lectriques, vid\u00e9o surveillance&#8230; Nous prenons \u00e0 coeur votre s\u00e9curit\u00e9 et proposons des formules cl\u00e9 en main de v\u00e9rification des circuits et de mise aux normes.<br><br>C\u00f4t\u00e9 chauffage, nous pouvons poser des pompes \u00e0 chaleurs, des solutions solaires, des chaudi\u00e8res. Nous nous occupons \u00e9galement de l&rsquo;entretien.<\/p>\n\n\n\n<div style=\"height:25px\" aria-hidden=\"true\" class=\"wp-block-spacer\"><\/div>\n<\/div>\n\n\n\n<div class=\"wp-block-column is-layout-flow wp-block-column-is-layout-flow\"><div class=\"wp-block-image\">\n<figure class=\"aligncenter size-full\"><img loading=\"lazy\" decoding=\"async\" width=\"150\" height=\"296\" src=\"http:\/\/lcp-services.fr\/wp-content\/uploads\/2024\/11\/cartoon_F-e1731183084652.png\" alt=\"Plomberie La Mure\" class=\"wp-image-263\"\/><\/figure>\n<\/div>\n\n\n<h5 class=\"wp-block-heading has-text-align-center has-text-color\" style=\"color:#3c4858;font-size:18px\"><a href=\"https:\/\/lcp-services.fr\/index.php\/plomberie\/\">Travaux de plomberie et<\/a><br><a href=\"https:\/\/lcp-services.fr\/index.php\/plomberie\/\">adaptation des logements<\/a><\/h5>\n\n\n\n<p class=\"has-text-align-center has-white-color has-text-color\" style=\"font-size:14px\">Installation et d\u00e9pannage d&rsquo;\u00e9quipements sanitaires, recyclage des eaux grises et des eaux pluviales. Jetez un oeil \u00e0 nos travaux de r\u00e9novation de salles de bain, cuisines, ou de r\u00e9seaux de plomberie chez des particuliers. D\u00e9couvrez nos <a href=\"https:\/\/lcp-services.fr\/index.php\/economies-eau\/\">sp\u00e9cialisations dans les solutions pour \u00e9conomiser l&rsquo;eau.<\/a><br><br>Nous nous sommes \u00e9galement form\u00e9s au maintien \u00e0 domicile des personnes \u00e2g\u00e9es et celles atteinte d&rsquo;un handicap. Nous vous conseillons sur les aides, les adaptations possibles, et mettons tout en oeuvre pour que vous soyez \u00e0 l&rsquo;aise chez vous.<\/p>\n\n\n\n<div style=\"height:25px\" aria-hidden=\"true\" class=\"wp-block-spacer\"><\/div>\n<\/div>\n<\/div>\n\n\n\n<div style=\"height:10px\" aria-hidden=\"true\" class=\"wp-block-spacer\"><\/div>\n\n\n\n<div style=\"height:0px\" aria-hidden=\"true\" class=\"wp-block-spacer\"><\/div>\n\n\n\n<div class=\"wp-block-columns is-layout-flex wp-container-core-columns-is-layout-28f84493 wp-block-columns-is-layout-flex\">\n<div class=\"wp-block-column is-layout-flow wp-block-column-is-layout-flow\"><\/div>\n<\/div>\n<\/div><\/div>\n\n\n<ul class=\"wp-block-latest-posts__list wp-block-latest-posts\"><li><div class=\"wp-block-latest-posts__featured-image alignleft\"><img loading=\"lazy\" decoding=\"async\" width=\"150\" height=\"150\" src=\"https:\/\/lcp-services.fr\/wp-content\/uploads\/2025\/07\/salle-bain-senior-isere-la-mure-150x150.png\" class=\"attachment-thumbnail size-thumbnail wp-post-image\" alt=\"\" style=\"\" \/><\/div><a class=\"wp-block-latest-posts__post-title\" href=\"https:\/\/lcp-services.fr\/index.php\/2025\/09\/01\/adapter-une-salle-de-bain-pour-une-personne-agee\/\">Adapter une salle de bain pour une personne \u00e2g\u00e9e<\/a><div class=\"wp-block-latest-posts__post-excerpt\">Nous aimons beaucoup intervenir chez nos a\u00een\u00e9s. Pas simplement parce qu&rsquo;ils s&rsquo;occupent bien de nous pendant le chantier (non non :p) mais parce que c&rsquo;est l\u00e0 que nous sommes presque le plus utiles : adapter une salle de bain ou un WC, c&rsquo;est assurer l&rsquo;autonomie de la personne pendant quelques\u2026 <a class=\"wp-block-latest-posts__read-more\" href=\"https:\/\/lcp-services.fr\/index.php\/2025\/09\/01\/adapter-une-salle-de-bain-pour-une-personne-agee\/\" rel=\"noopener noreferrer\">Lire la suite<span class=\"screen-reader-text\">\u00a0: Adapter une salle de bain pour une personne \u00e2g\u00e9e<\/span><\/a><\/div><\/li>\n<li><div class=\"wp-block-latest-posts__featured-image alignleft\"><img loading=\"lazy\" decoding=\"async\" width=\"150\" height=\"150\" src=\"https:\/\/lcp-services.fr\/wp-content\/uploads\/2025\/07\/SCOP-LCP-Matheysine-Trieve-150x150.jpg\" class=\"attachment-thumbnail size-thumbnail wp-post-image\" alt=\"\" style=\"\" \/><\/div><a class=\"wp-block-latest-posts__post-title\" href=\"https:\/\/lcp-services.fr\/index.php\/2025\/09\/01\/lcp-devient-une-scop\/\">LCP devient une SCOP<\/a><div class=\"wp-block-latest-posts__post-excerpt\">Nous sommes fiers d&rsquo;avoir fait le choix du statut SCOP pour la nouvelle forme de notre entreprise &lt;3Mais SCOP \u00e7a veut dire quoi ? Super Charmants Outils de Plombier ? SCOP = Soci\u00e9t\u00e9 COop\u00e9rative de Production LCP est donc bien une soci\u00e9t\u00e9 de production, mais avec un P&rsquo;tit Truc en\u2026 <a class=\"wp-block-latest-posts__read-more\" href=\"https:\/\/lcp-services.fr\/index.php\/2025\/09\/01\/lcp-devient-une-scop\/\" rel=\"noopener noreferrer\">Lire la suite<span class=\"screen-reader-text\">\u00a0: LCP devient une SCOP<\/span><\/a><\/div><\/li>\n<li><div class=\"wp-block-latest-posts__featured-image alignleft\"><img loading=\"lazy\" decoding=\"async\" width=\"150\" height=\"150\" src=\"https:\/\/lcp-services.fr\/wp-content\/uploads\/2025\/07\/chauffe-eau-plombier-la-mure-mens-150x150.jpg\" class=\"attachment-thumbnail size-thumbnail wp-post-image\" alt=\"\" style=\"\" \/><\/div><a class=\"wp-block-latest-posts__post-title\" href=\"https:\/\/lcp-services.fr\/index.php\/2025\/07\/07\/pannes-de-chauffe-eau-comment-les-prevenir\/\">Pannes de chauffe-eau : comment les pr\u00e9venir ?<\/a><div class=\"wp-block-latest-posts__post-excerpt\">Comment pr\u00e9venir les pannes de chauffe-eau \u00e9lectrique ? Des solutions adapt\u00e9es \u00e0 diff\u00e9rents budgets.<\/div><\/li>\n<\/ul>\n\n\n<div style=\"height:61px\" aria-hidden=\"true\" class=\"wp-block-spacer\"><\/div>\n\n\n\n<div class=\"wp-block-columns has-white-color has-header-gradient-background-color has-text-color has-background has-link-color wp-elements-29306ee9e172b55bb25062bbbcca1e0b is-layout-flex wp-container-core-columns-is-layout-28f84493 wp-block-columns-is-layout-flex\">\n<div class=\"wp-block-column is-layout-flow wp-block-column-is-layout-flow\" style=\"flex-basis:33.33%\">\n<h2 class=\"wp-block-heading\">Contact<\/h2>\n\n\n\n<h3 class=\"wp-block-heading\">Lieux d&rsquo;intervention<\/h3>\n\n\n\n<p>Plomberie, chauffage et \u00e9lectricit\u00e9 \u00e0 La Mure, Matheysine, Tri\u00e8ves, Beaumont, Valbonnais, Bourg d&rsquo;Oisans, Vizille, Vif et Varces, Monestier de Clermont.<\/p>\n\n\n\n<h3 class=\"wp-block-heading\">Appelez-nous<\/h3>\n\n\n\n<p>06.66.97.47.39<\/p>\n<\/div>\n\n\n\n<div class=\"wp-block-column is-layout-flow wp-block-column-is-layout-flow\"><\/div>\n\n\n\n<div class=\"wp-block-column is-layout-flow wp-block-column-is-layout-flow\"><\/div>\n\n\n\n<div class=\"wp-block-column is-layout-flow wp-block-column-is-layout-flow\" style=\"flex-basis:66.66%\"><div class=\"wpforms-container wpforms-container-full wpforms-block wpforms-block-3d469212-7644-4821-b91c-e8a5828745b0\" id=\"wpforms-143\"><form id=\"wpforms-form-143\" class=\"wpforms-validate wpforms-form\" data-formid=\"143\" method=\"post\" enctype=\"multipart\/form-data\" action=\"\/index.php\/wp-json\/wp\/v2\/pages\/102\" data-token=\"cf2f5de3ca2ff270b7537ea707d3669e\" data-token-time=\"1777204403\"><noscript class=\"wpforms-error-noscript\">Veuillez activer JavaScript dans votre navigateur pour remplir ce formulaire.<\/noscript><div class=\"wpforms-field-container\"><div id=\"wpforms-143-field_0-container\" class=\"wpforms-field wpforms-field-name wpforms-one-half wpforms-first\" data-field-id=\"0\"><label class=\"wpforms-field-label\" for=\"wpforms-143-field_0\">Nom <span class=\"wpforms-required-label\">*<\/span><\/label><input type=\"text\" id=\"wpforms-143-field_0\" class=\"wpforms-field-large wpforms-field-required\" name=\"wpforms[fields][0]\" required><\/div><div id=\"wpforms-143-field_3-container\" class=\"wpforms-field wpforms-field-email wpforms-one-half\" data-field-id=\"3\"><label class=\"wpforms-field-label\" for=\"wpforms-143-field_3\">Email <span class=\"wpforms-required-label\">*<\/span><\/label><input type=\"email\" id=\"wpforms-143-field_3\" class=\"wpforms-field-large wpforms-field-required\" name=\"wpforms[fields][3]\" spellcheck=\"false\" required><\/div><div id=\"wpforms-143-field_5-container\" class=\"wpforms-field wpforms-field-text\" data-field-id=\"5\"><label class=\"wpforms-field-label\" for=\"wpforms-143-field_5\">T\u00e9l\u00e9phone <span class=\"wpforms-required-label\">*<\/span><\/label><input type=\"text\" id=\"wpforms-143-field_5\" class=\"wpforms-field-medium wpforms-field-required\" name=\"wpforms[fields][5]\" required><\/div><div id=\"wpforms-143-field_6-container\" class=\"wpforms-field wpforms-field-text\" data-field-id=\"6\"><label class=\"wpforms-field-label\" for=\"wpforms-143-field_6\">Ville <span class=\"wpforms-required-label\">*<\/span><\/label><input type=\"text\" id=\"wpforms-143-field_6\" class=\"wpforms-field-medium wpforms-field-required\" name=\"wpforms[fields][6]\" required><\/div><div id=\"wpforms-143-field_2-container\" class=\"wpforms-field wpforms-field-textarea\" data-field-id=\"2\"><label class=\"wpforms-field-label\" for=\"wpforms-143-field_2\">Message <span class=\"wpforms-required-label\">*<\/span><\/label><textarea id=\"wpforms-143-field_2\" class=\"wpforms-field-medium wpforms-field-required\" name=\"wpforms[fields][2]\" required><\/textarea><\/div><\/div><!-- .wpforms-field-container --><div class=\"wpforms-submit-container\" ><input type=\"hidden\" name=\"wpforms[id]\" value=\"143\"><input type=\"hidden\" name=\"page_title\" value=\"\"><input type=\"hidden\" name=\"page_url\" value=\"https:\/\/lcp-services.fr\/index.php\/wp-json\/wp\/v2\/pages\/102\"><input type=\"hidden\" name=\"url_referer\" value=\"\"><button type=\"submit\" name=\"wpforms[submit]\" id=\"wpforms-submit-143\" class=\"wpforms-submit\" data-alt-text=\"En cours\" data-submit-text=\"Envoyer\" aria-live=\"assertive\" value=\"wpforms-submit\">Envoyer<\/button><\/div><\/form><\/div>  <!-- .wpforms-container --><\/div>\n<\/div>\n","protected":false},"excerpt":{"rendered":"<p>Contact Lieux d&rsquo;intervention Plomberie, chauffage et \u00e9lectricit\u00e9 \u00e0 La Mure, Matheysine, Tri\u00e8ves, Beaumont, Valbonnais, Bourg d&rsquo;Oisans, Vizille, Vif et Varces, Monestier de Clermont. Appelez-nous 06.66.97.47.39<\/p>\n","protected":false},"author":1,"featured_media":0,"parent":0,"menu_order":0,"comment_status":"closed","ping_status":"closed","template":"","meta":{"footnotes":""},"class_list":["post-102","page","type-page","status-publish","hentry"],"yoast_head":"<!-- This site is optimized with the Yoast SEO plugin v27.4 - https:\/\/yoast.com\/product\/yoast-seo-wordpress\/ -->\n<title>LCP SERVICES : Travaux de plomberie, chauffage et \u00e9lectricit\u00e9 en Matheysine, Beaumont, Valbonnais, Tri\u00e8ves et Sud Is\u00e8re : 06 66 97 47 39 - LCP Services<\/title>\n<meta name=\"description\" content=\"Travaux de plomberie et d&#039;\u00e9lectricit\u00e9 \u00e0 La Mure, en Matheysine, Tri\u00e8ves et Beaumont, Sud Is\u00e8re. D\u00e9tartrage, \u00e9conomies d&#039;eau, salles de bain\" \/>\n<meta name=\"robots\" content=\"index, follow, max-snippet:-1, max-image-preview:large, max-video-preview:-1\" \/>\n<link rel=\"canonical\" href=\"https:\/\/lcp-services.fr\/\" \/>\n<meta property=\"og:locale\" content=\"fr_FR\" \/>\n<meta property=\"og:type\" content=\"article\" \/>\n<meta property=\"og:title\" content=\"LCP SERVICES : Travaux de plomberie, chauffage et \u00e9lectricit\u00e9 en Matheysine, Beaumont, Valbonnais, Tri\u00e8ves et Sud Is\u00e8re : 06 66 97 47 39 - LCP Services\" \/>\n<meta property=\"og:description\" content=\"Travaux de plomberie et d&#039;\u00e9lectricit\u00e9 \u00e0 La Mure, en Matheysine, Tri\u00e8ves et Beaumont, Sud Is\u00e8re. D\u00e9tartrage, \u00e9conomies d&#039;eau, salles de bain\" \/>\n<meta property=\"og:url\" content=\"https:\/\/lcp-services.fr\/\" \/>\n<meta property=\"og:site_name\" content=\"LCP Services\" \/>\n<meta property=\"article:modified_time\" content=\"2026-03-29T10:23:44+00:00\" \/>\n<meta property=\"og:image\" content=\"https:\/\/lcp-services.fr\/wp-content\/uploads\/2024\/11\/Plomberie_electricite_la_mure_isere-e1743349392640.jpg\" \/>\n\t<meta property=\"og:image:width\" content=\"1424\" \/>\n\t<meta property=\"og:image:height\" content=\"790\" \/>\n\t<meta property=\"og:image:type\" content=\"image\/jpeg\" \/>\n<meta name=\"twitter:card\" content=\"summary_large_image\" \/>\n<meta name=\"twitter:label1\" content=\"Dur\u00e9e de lecture estim\u00e9e\" \/>\n\t<meta name=\"twitter:data1\" content=\"2 minutes\" \/>\n<script type=\"application\/ld+json\" class=\"yoast-schema-graph\">{\"@context\":\"https:\\\/\\\/schema.org\",\"@graph\":[{\"@type\":\"WebPage\",\"@id\":\"https:\\\/\\\/lcp-services.fr\\\/\",\"url\":\"https:\\\/\\\/lcp-services.fr\\\/\",\"name\":\"LCP SERVICES : Travaux de plomberie, chauffage et \u00e9lectricit\u00e9 en Matheysine, Beaumont, Valbonnais, Tri\u00e8ves et Sud Is\u00e8re : 06 66 97 47 39 - LCP Services\",\"isPartOf\":{\"@id\":\"https:\\\/\\\/lcp-services.fr\\\/#website\"},\"primaryImageOfPage\":{\"@id\":\"https:\\\/\\\/lcp-services.fr\\\/#primaryimage\"},\"image\":{\"@id\":\"https:\\\/\\\/lcp-services.fr\\\/#primaryimage\"},\"thumbnailUrl\":\"http:\\\/\\\/lcp-services.fr\\\/wp-content\\\/uploads\\\/2024\\\/11\\\/Plomberie_electricite_la_mure_isere-e1743349392640.jpg\",\"datePublished\":\"2023-12-15T22:08:20+00:00\",\"dateModified\":\"2026-03-29T10:23:44+00:00\",\"description\":\"Travaux de plomberie et d'\u00e9lectricit\u00e9 \u00e0 La Mure, en Matheysine, Tri\u00e8ves et Beaumont, Sud Is\u00e8re. D\u00e9tartrage, \u00e9conomies d'eau, salles de bain\",\"breadcrumb\":{\"@id\":\"https:\\\/\\\/lcp-services.fr\\\/#breadcrumb\"},\"inLanguage\":\"fr-FR\",\"potentialAction\":[{\"@type\":\"ReadAction\",\"target\":[\"https:\\\/\\\/lcp-services.fr\\\/\"]}]},{\"@type\":\"ImageObject\",\"inLanguage\":\"fr-FR\",\"@id\":\"https:\\\/\\\/lcp-services.fr\\\/#primaryimage\",\"url\":\"https:\\\/\\\/lcp-services.fr\\\/wp-content\\\/uploads\\\/2024\\\/11\\\/Plomberie_electricite_la_mure_isere-e1743349392640.jpg\",\"contentUrl\":\"https:\\\/\\\/lcp-services.fr\\\/wp-content\\\/uploads\\\/2024\\\/11\\\/Plomberie_electricite_la_mure_isere-e1743349392640.jpg\",\"width\":1424,\"height\":790,\"caption\":\"Plomberie et Electricit\u00e9 en matheysine, la mure is\u00e8re\"},{\"@type\":\"BreadcrumbList\",\"@id\":\"https:\\\/\\\/lcp-services.fr\\\/#breadcrumb\",\"itemListElement\":[{\"@type\":\"ListItem\",\"position\":1,\"name\":\"Accueil\",\"item\":\"https:\\\/\\\/lcp-services.fr\\\/\"},{\"@type\":\"ListItem\",\"position\":2,\"name\":\"LCP SERVICES : Travaux de plomberie, chauffage et \u00e9lectricit\u00e9 en Matheysine, Beaumont, Valbonnais, Tri\u00e8ves et Sud Is\u00e8re : 06 66 97 47 39\"}]},{\"@type\":\"WebSite\",\"@id\":\"https:\\\/\\\/lcp-services.fr\\\/#website\",\"url\":\"https:\\\/\\\/lcp-services.fr\\\/\",\"name\":\"LCP Services\",\"description\":\"Plomberie Electricit\u00e9 \u00e0 la Mure, Matheysine, Tri\u00e8ves, Beaumont, Vizille, Vif\",\"publisher\":{\"@id\":\"https:\\\/\\\/lcp-services.fr\\\/#organization\"},\"potentialAction\":[{\"@type\":\"SearchAction\",\"target\":{\"@type\":\"EntryPoint\",\"urlTemplate\":\"https:\\\/\\\/lcp-services.fr\\\/?s={search_term_string}\"},\"query-input\":{\"@type\":\"PropertyValueSpecification\",\"valueRequired\":true,\"valueName\":\"search_term_string\"}}],\"inLanguage\":\"fr-FR\"},{\"@type\":\"Organization\",\"@id\":\"https:\\\/\\\/lcp-services.fr\\\/#organization\",\"name\":\"LCP Services\",\"url\":\"https:\\\/\\\/lcp-services.fr\\\/\",\"logo\":{\"@type\":\"ImageObject\",\"inLanguage\":\"fr-FR\",\"@id\":\"https:\\\/\\\/lcp-services.fr\\\/#\\\/schema\\\/logo\\\/image\\\/\",\"url\":\"https:\\\/\\\/lcp-services.fr\\\/wp-content\\\/uploads\\\/2024\\\/02\\\/cropped-logo.png\",\"contentUrl\":\"https:\\\/\\\/lcp-services.fr\\\/wp-content\\\/uploads\\\/2024\\\/02\\\/cropped-logo.png\",\"width\":792,\"height\":1115,\"caption\":\"LCP Services\"},\"image\":{\"@id\":\"https:\\\/\\\/lcp-services.fr\\\/#\\\/schema\\\/logo\\\/image\\\/\"}}]}<\/script>\n<!-- \/ Yoast SEO plugin. -->","yoast_head_json":{"title":"LCP SERVICES : Travaux de plomberie, chauffage et \u00e9lectricit\u00e9 en Matheysine, Beaumont, Valbonnais, Tri\u00e8ves et Sud Is\u00e8re : 06 66 97 47 39 - LCP Services","description":"Travaux de plomberie et d'\u00e9lectricit\u00e9 \u00e0 La Mure, en Matheysine, Tri\u00e8ves et Beaumont, Sud Is\u00e8re. D\u00e9tartrage, \u00e9conomies d'eau, salles de bain","robots":{"index":"index","follow":"follow","max-snippet":"max-snippet:-1","max-image-preview":"max-image-preview:large","max-video-preview":"max-video-preview:-1"},"canonical":"https:\/\/lcp-services.fr\/","og_locale":"fr_FR","og_type":"article","og_title":"LCP SERVICES : Travaux de plomberie, chauffage et \u00e9lectricit\u00e9 en Matheysine, Beaumont, Valbonnais, Tri\u00e8ves et Sud Is\u00e8re : 06 66 97 47 39 - LCP Services","og_description":"Travaux de plomberie et d'\u00e9lectricit\u00e9 \u00e0 La Mure, en Matheysine, Tri\u00e8ves et Beaumont, Sud Is\u00e8re. D\u00e9tartrage, \u00e9conomies d'eau, salles de bain","og_url":"https:\/\/lcp-services.fr\/","og_site_name":"LCP Services","article_modified_time":"2026-03-29T10:23:44+00:00","og_image":[{"width":1424,"height":790,"url":"https:\/\/lcp-services.fr\/wp-content\/uploads\/2024\/11\/Plomberie_electricite_la_mure_isere-e1743349392640.jpg","type":"image\/jpeg"}],"twitter_card":"summary_large_image","twitter_misc":{"Dur\u00e9e de lecture estim\u00e9e":"2 minutes"},"schema":{"@context":"https:\/\/schema.org","@graph":[{"@type":"WebPage","@id":"https:\/\/lcp-services.fr\/","url":"https:\/\/lcp-services.fr\/","name":"LCP SERVICES : Travaux de plomberie, chauffage et \u00e9lectricit\u00e9 en Matheysine, Beaumont, Valbonnais, Tri\u00e8ves et Sud Is\u00e8re : 06 66 97 47 39 - LCP Services","isPartOf":{"@id":"https:\/\/lcp-services.fr\/#website"},"primaryImageOfPage":{"@id":"https:\/\/lcp-services.fr\/#primaryimage"},"image":{"@id":"https:\/\/lcp-services.fr\/#primaryimage"},"thumbnailUrl":"http:\/\/lcp-services.fr\/wp-content\/uploads\/2024\/11\/Plomberie_electricite_la_mure_isere-e1743349392640.jpg","datePublished":"2023-12-15T22:08:20+00:00","dateModified":"2026-03-29T10:23:44+00:00","description":"Travaux de plomberie et d'\u00e9lectricit\u00e9 \u00e0 La Mure, en Matheysine, Tri\u00e8ves et Beaumont, Sud Is\u00e8re. D\u00e9tartrage, \u00e9conomies d'eau, salles de bain","breadcrumb":{"@id":"https:\/\/lcp-services.fr\/#breadcrumb"},"inLanguage":"fr-FR","potentialAction":[{"@type":"ReadAction","target":["https:\/\/lcp-services.fr\/"]}]},{"@type":"ImageObject","inLanguage":"fr-FR","@id":"https:\/\/lcp-services.fr\/#primaryimage","url":"https:\/\/lcp-services.fr\/wp-content\/uploads\/2024\/11\/Plomberie_electricite_la_mure_isere-e1743349392640.jpg","contentUrl":"https:\/\/lcp-services.fr\/wp-content\/uploads\/2024\/11\/Plomberie_electricite_la_mure_isere-e1743349392640.jpg","width":1424,"height":790,"caption":"Plomberie et Electricit\u00e9 en matheysine, la mure is\u00e8re"},{"@type":"BreadcrumbList","@id":"https:\/\/lcp-services.fr\/#breadcrumb","itemListElement":[{"@type":"ListItem","position":1,"name":"Accueil","item":"https:\/\/lcp-services.fr\/"},{"@type":"ListItem","position":2,"name":"LCP SERVICES : Travaux de plomberie, chauffage et \u00e9lectricit\u00e9 en Matheysine, Beaumont, Valbonnais, Tri\u00e8ves et Sud Is\u00e8re : 06 66 97 47 39"}]},{"@type":"WebSite","@id":"https:\/\/lcp-services.fr\/#website","url":"https:\/\/lcp-services.fr\/","name":"LCP Services","description":"Plomberie Electricit\u00e9 \u00e0 la Mure, Matheysine, Tri\u00e8ves, Beaumont, Vizille, Vif","publisher":{"@id":"https:\/\/lcp-services.fr\/#organization"},"potentialAction":[{"@type":"SearchAction","target":{"@type":"EntryPoint","urlTemplate":"https:\/\/lcp-services.fr\/?s={search_term_string}"},"query-input":{"@type":"PropertyValueSpecification","valueRequired":true,"valueName":"search_term_string"}}],"inLanguage":"fr-FR"},{"@type":"Organization","@id":"https:\/\/lcp-services.fr\/#organization","name":"LCP Services","url":"https:\/\/lcp-services.fr\/","logo":{"@type":"ImageObject","inLanguage":"fr-FR","@id":"https:\/\/lcp-services.fr\/#\/schema\/logo\/image\/","url":"https:\/\/lcp-services.fr\/wp-content\/uploads\/2024\/02\/cropped-logo.png","contentUrl":"https:\/\/lcp-services.fr\/wp-content\/uploads\/2024\/02\/cropped-logo.png","width":792,"height":1115,"caption":"LCP Services"},"image":{"@id":"https:\/\/lcp-services.fr\/#\/schema\/logo\/image\/"}}]}},"_links":{"self":[{"href":"https:\/\/lcp-services.fr\/index.php\/wp-json\/wp\/v2\/pages\/102","targetHints":{"allow":["GET"]}}],"collection":[{"href":"https:\/\/lcp-services.fr\/index.php\/wp-json\/wp\/v2\/pages"}],"about":[{"href":"https:\/\/lcp-services.fr\/index.php\/wp-json\/wp\/v2\/types\/page"}],"author":[{"embeddable":true,"href":"https:\/\/lcp-services.fr\/index.php\/wp-json\/wp\/v2\/users\/1"}],"replies":[{"embeddable":true,"href":"https:\/\/lcp-services.fr\/index.php\/wp-json\/wp\/v2\/comments?post=102"}],"version-history":[{"count":52,"href":"https:\/\/lcp-services.fr\/index.php\/wp-json\/wp\/v2\/pages\/102\/revisions"}],"predecessor-version":[{"id":437,"href":"https:\/\/lcp-services.fr\/index.php\/wp-json\/wp\/v2\/pages\/102\/revisions\/437"}],"wp:attachment":[{"href":"https:\/\/lcp-services.fr\/index.php\/wp-json\/wp\/v2\/media?parent=102"}],"curies":[{"name":"wp","href":"https:\/\/api.w.org\/{rel}","templated":true}]}}