{"id":103,"date":"2023-12-15T23:08:20","date_gmt":"2023-12-15T22:08:20","guid":{"rendered":"https:\/\/lcp-services.fr\/?page_id=103"},"modified":"2024-08-19T03:46:27","modified_gmt":"2024-08-19T01:46:27","slug":"contact","status":"publish","type":"page","link":"https:\/\/lcp-services.fr\/index.php\/contact\/","title":{"rendered":"Contact"},"content":{"rendered":"\n<div class=\"wp-block-columns alignfull is-layout-flex wp-container-core-columns-is-layout-28f84493 wp-block-columns-is-layout-flex\"><\/div>\n\n\n\n<div class=\"wp-block-columns container is-layout-flex wp-container-core-columns-is-layout-28f84493 wp-block-columns-is-layout-flex\">\n<div class=\"wp-block-column is-vertically-aligned-center is-layout-flow wp-block-column-is-layout-flow\">\n<h2 class=\"wp-block-heading hestia-title\">Envoyez-nous un message<\/h2>\n\n\n\n<div style=\"height:40px\" aria-hidden=\"true\" class=\"wp-block-spacer\"><\/div>\n\n\n\n<div class=\"contact-wrapper\">\n\t\t\t\t\t\t\t\t\t\t\t\t\t\t\t\t\t\t\t<div class=\"content\">\n\t\t\t\n\t\t\t  <form>\n\t\t\t   <div class=\"form-group\">\n\t\t\t    <input type=\"text\" id=\"fname\" name=\"firstname\" placeholder=\"Pr\u00e9nom\">\n\t\t\t<\/div>\n\t\t\t<div class=\"form-group\">\n\t\t\t    <input type=\"text\" id=\"lname\" name=\"lastname\" placeholder=\"Nom\">\n\t\t\t<\/div>\n\t\t\t<div class=\"form-group\">\n\t\t\t    <textarea id=\"subject\" name=\"subject\" placeholder=\"Votre message\" style=\"height:200px\"><\/textarea>\n\t\t\t<\/div>\n\t\t\t    <input type=\"submit\" value=\"Envoyer\">\n\t\t\t\n\t\t\t  <\/form>\n\t\t\t<\/div>\n\t\t\t<\/div>\n<\/div>\n\n\n\n<div class=\"wp-block-column is-vertically-aligned-center is-layout-flow wp-block-column-is-layout-flow\">\n<div class=\"wp-block-columns is-layout-flex wp-container-core-columns-is-layout-28f84493 wp-block-columns-is-layout-flex\">\n<div class=\"wp-block-column is-layout-flow wp-block-column-is-layout-flow\"><\/div>\n\n\n\n<div class=\"wp-block-column is-layout-flow wp-block-column-is-layout-flow\" style=\"flex-basis:50%\">\n<h4 class=\"wp-block-heading has-text-align-left hestia-title has-text-color\" style=\"color:#3c4858;font-size:18px\"><img decoding=\"async\" class=\"wp-image-86\" style=\"width: 25px;\" src=\"https:\/\/lcp-services.fr\/wp-content\/themes\/hestia\/assets\/img\/contact1.png\" alt=\"Map icon\">  <strong>Nous intervenons<\/strong><\/h4>\n\n\n\n<p class=\"has-text-align-left has-text-color\" style=\"color:#999999;font-size:14px\">Matheysine, Tri\u00e8ves, Beaumont, Valbonnais, Bourg d&rsquo;Oisans, Vizille, Vif et Varces, Monestier de Clermont.<\/p>\n\n\n\n<div style=\"height:40px\" aria-hidden=\"true\" class=\"wp-block-spacer\"><\/div>\n\n\n\n<h4 class=\"wp-block-heading has-text-align-left hestia-title has-text-color\" style=\"color:#3c4858;font-size:18px\"><img decoding=\"async\" class=\"wp-image-98\" style=\"width: 25px;\" src=\"https:\/\/lcp-services.fr\/wp-content\/themes\/hestia\/assets\/img\/contact2.png\" alt=\"\">  <strong><strong>Appelez-nous<\/strong><\/strong><\/h4>\n\n\n\n<p class=\"has-text-align-left has-text-color\" style=\"color:#999999;font-size:14px\">06.76.60.89.58<br>Lundi &#8211; Vendredi, 8:00-18:00<\/p>\n\n\n\n<div style=\"height:40px\" aria-hidden=\"true\" class=\"wp-block-spacer\"><\/div>\n<\/div>\n\n\n\n<div class=\"wp-block-column is-layout-flow wp-block-column-is-layout-flow\"><\/div>\n<\/div>\n<\/div>\n<\/div>\n","protected":false},"excerpt":{"rendered":"<p>Envoyez-nous un message Nous intervenons Matheysine, Tri\u00e8ves, Beaumont, Valbonnais, Bourg d&rsquo;Oisans, Vizille, Vif et Varces, Monestier de Clermont. Appelez-nous 06.76.60.89.58Lundi &#8211; Vendredi, 8:00-18:00<\/p>\n","protected":false},"author":1,"featured_media":95,"parent":0,"menu_order":0,"comment_status":"closed","ping_status":"closed","template":"page-templates\/template-pagebuilder-full-width.php","meta":{"footnotes":""},"class_list":["post-103","page","type-page","status-publish","has-post-thumbnail","hentry"],"yoast_head":"<!-- This site is optimized with the Yoast SEO plugin v27.4 - https:\/\/yoast.com\/product\/yoast-seo-wordpress\/ -->\n<title>Contact - LCP Services<\/title>\n<meta name=\"robots\" content=\"index, follow, max-snippet:-1, max-image-preview:large, max-video-preview:-1\" \/>\n<link rel=\"canonical\" href=\"https:\/\/lcp-services.fr\/index.php\/contact\/\" \/>\n<meta property=\"og:locale\" content=\"fr_FR\" \/>\n<meta property=\"og:type\" content=\"article\" \/>\n<meta property=\"og:title\" content=\"Contact - LCP Services\" \/>\n<meta property=\"og:description\" content=\"Envoyez-nous un message Nous intervenons Matheysine, Tri\u00e8ves, Beaumont, Valbonnais, Bourg d&rsquo;Oisans, Vizille, Vif et Varces, Monestier de Clermont. Appelez-nous 06.76.60.89.58Lundi &#8211; Vendredi, 8:00-18:00\" \/>\n<meta property=\"og:url\" content=\"https:\/\/lcp-services.fr\/index.php\/contact\/\" \/>\n<meta property=\"og:site_name\" content=\"LCP Services\" \/>\n<meta property=\"article:modified_time\" content=\"2024-08-19T01:46:27+00:00\" \/>\n<meta property=\"og:image\" content=\"https:\/\/lcp-services.fr\/wp-content\/uploads\/2023\/12\/contact-5.jpg\" \/>\n\t<meta property=\"og:image:width\" content=\"1024\" \/>\n\t<meta property=\"og:image:height\" content=\"683\" \/>\n\t<meta property=\"og:image:type\" content=\"image\/jpeg\" \/>\n<meta name=\"twitter:card\" content=\"summary_large_image\" \/>\n<script type=\"application\/ld+json\" class=\"yoast-schema-graph\">{\"@context\":\"https:\\\/\\\/schema.org\",\"@graph\":[{\"@type\":\"WebPage\",\"@id\":\"https:\\\/\\\/lcp-services.fr\\\/index.php\\\/contact\\\/\",\"url\":\"https:\\\/\\\/lcp-services.fr\\\/index.php\\\/contact\\\/\",\"name\":\"Contact - LCP Services\",\"isPartOf\":{\"@id\":\"https:\\\/\\\/lcp-services.fr\\\/#website\"},\"primaryImageOfPage\":{\"@id\":\"https:\\\/\\\/lcp-services.fr\\\/index.php\\\/contact\\\/#primaryimage\"},\"image\":{\"@id\":\"https:\\\/\\\/lcp-services.fr\\\/index.php\\\/contact\\\/#primaryimage\"},\"thumbnailUrl\":\"https:\\\/\\\/lcp-services.fr\\\/wp-content\\\/uploads\\\/2023\\\/12\\\/contact-5.jpg\",\"datePublished\":\"2023-12-15T22:08:20+00:00\",\"dateModified\":\"2024-08-19T01:46:27+00:00\",\"breadcrumb\":{\"@id\":\"https:\\\/\\\/lcp-services.fr\\\/index.php\\\/contact\\\/#breadcrumb\"},\"inLanguage\":\"fr-FR\",\"potentialAction\":[{\"@type\":\"ReadAction\",\"target\":[\"https:\\\/\\\/lcp-services.fr\\\/index.php\\\/contact\\\/\"]}]},{\"@type\":\"ImageObject\",\"inLanguage\":\"fr-FR\",\"@id\":\"https:\\\/\\\/lcp-services.fr\\\/index.php\\\/contact\\\/#primaryimage\",\"url\":\"https:\\\/\\\/lcp-services.fr\\\/wp-content\\\/uploads\\\/2023\\\/12\\\/contact-5.jpg\",\"contentUrl\":\"https:\\\/\\\/lcp-services.fr\\\/wp-content\\\/uploads\\\/2023\\\/12\\\/contact-5.jpg\",\"width\":1024,\"height\":683},{\"@type\":\"BreadcrumbList\",\"@id\":\"https:\\\/\\\/lcp-services.fr\\\/index.php\\\/contact\\\/#breadcrumb\",\"itemListElement\":[{\"@type\":\"ListItem\",\"position\":1,\"name\":\"Accueil\",\"item\":\"https:\\\/\\\/lcp-services.fr\\\/\"},{\"@type\":\"ListItem\",\"position\":2,\"name\":\"Contact\"}]},{\"@type\":\"WebSite\",\"@id\":\"https:\\\/\\\/lcp-services.fr\\\/#website\",\"url\":\"https:\\\/\\\/lcp-services.fr\\\/\",\"name\":\"LCP Services\",\"description\":\"Plomberie Electricit\u00e9 \u00e0 la Mure, Matheysine, Tri\u00e8ves, Beaumont, Vizille, Vif\",\"publisher\":{\"@id\":\"https:\\\/\\\/lcp-services.fr\\\/#organization\"},\"potentialAction\":[{\"@type\":\"SearchAction\",\"target\":{\"@type\":\"EntryPoint\",\"urlTemplate\":\"https:\\\/\\\/lcp-services.fr\\\/?s={search_term_string}\"},\"query-input\":{\"@type\":\"PropertyValueSpecification\",\"valueRequired\":true,\"valueName\":\"search_term_string\"}}],\"inLanguage\":\"fr-FR\"},{\"@type\":\"Organization\",\"@id\":\"https:\\\/\\\/lcp-services.fr\\\/#organization\",\"name\":\"LCP Services\",\"url\":\"https:\\\/\\\/lcp-services.fr\\\/\",\"logo\":{\"@type\":\"ImageObject\",\"inLanguage\":\"fr-FR\",\"@id\":\"https:\\\/\\\/lcp-services.fr\\\/#\\\/schema\\\/logo\\\/image\\\/\",\"url\":\"https:\\\/\\\/lcp-services.fr\\\/wp-content\\\/uploads\\\/2024\\\/02\\\/cropped-logo.png\",\"contentUrl\":\"https:\\\/\\\/lcp-services.fr\\\/wp-content\\\/uploads\\\/2024\\\/02\\\/cropped-logo.png\",\"width\":792,\"height\":1115,\"caption\":\"LCP Services\"},\"image\":{\"@id\":\"https:\\\/\\\/lcp-services.fr\\\/#\\\/schema\\\/logo\\\/image\\\/\"}}]}<\/script>\n<!-- \/ Yoast SEO plugin. -->","yoast_head_json":{"title":"Contact - LCP Services","robots":{"index":"index","follow":"follow","max-snippet":"max-snippet:-1","max-image-preview":"max-image-preview:large","max-video-preview":"max-video-preview:-1"},"canonical":"https:\/\/lcp-services.fr\/index.php\/contact\/","og_locale":"fr_FR","og_type":"article","og_title":"Contact - LCP Services","og_description":"Envoyez-nous un message Nous intervenons Matheysine, Tri\u00e8ves, Beaumont, Valbonnais, Bourg d&rsquo;Oisans, Vizille, Vif et Varces, Monestier de Clermont. Appelez-nous 06.76.60.89.58Lundi &#8211; Vendredi, 8:00-18:00","og_url":"https:\/\/lcp-services.fr\/index.php\/contact\/","og_site_name":"LCP Services","article_modified_time":"2024-08-19T01:46:27+00:00","og_image":[{"width":1024,"height":683,"url":"https:\/\/lcp-services.fr\/wp-content\/uploads\/2023\/12\/contact-5.jpg","type":"image\/jpeg"}],"twitter_card":"summary_large_image","schema":{"@context":"https:\/\/schema.org","@graph":[{"@type":"WebPage","@id":"https:\/\/lcp-services.fr\/index.php\/contact\/","url":"https:\/\/lcp-services.fr\/index.php\/contact\/","name":"Contact - LCP Services","isPartOf":{"@id":"https:\/\/lcp-services.fr\/#website"},"primaryImageOfPage":{"@id":"https:\/\/lcp-services.fr\/index.php\/contact\/#primaryimage"},"image":{"@id":"https:\/\/lcp-services.fr\/index.php\/contact\/#primaryimage"},"thumbnailUrl":"https:\/\/lcp-services.fr\/wp-content\/uploads\/2023\/12\/contact-5.jpg","datePublished":"2023-12-15T22:08:20+00:00","dateModified":"2024-08-19T01:46:27+00:00","breadcrumb":{"@id":"https:\/\/lcp-services.fr\/index.php\/contact\/#breadcrumb"},"inLanguage":"fr-FR","potentialAction":[{"@type":"ReadAction","target":["https:\/\/lcp-services.fr\/index.php\/contact\/"]}]},{"@type":"ImageObject","inLanguage":"fr-FR","@id":"https:\/\/lcp-services.fr\/index.php\/contact\/#primaryimage","url":"https:\/\/lcp-services.fr\/wp-content\/uploads\/2023\/12\/contact-5.jpg","contentUrl":"https:\/\/lcp-services.fr\/wp-content\/uploads\/2023\/12\/contact-5.jpg","width":1024,"height":683},{"@type":"BreadcrumbList","@id":"https:\/\/lcp-services.fr\/index.php\/contact\/#breadcrumb","itemListElement":[{"@type":"ListItem","position":1,"name":"Accueil","item":"https:\/\/lcp-services.fr\/"},{"@type":"ListItem","position":2,"name":"Contact"}]},{"@type":"WebSite","@id":"https:\/\/lcp-services.fr\/#website","url":"https:\/\/lcp-services.fr\/","name":"LCP Services","description":"Plomberie Electricit\u00e9 \u00e0 la Mure, Matheysine, Tri\u00e8ves, Beaumont, Vizille, Vif","publisher":{"@id":"https:\/\/lcp-services.fr\/#organization"},"potentialAction":[{"@type":"SearchAction","target":{"@type":"EntryPoint","urlTemplate":"https:\/\/lcp-services.fr\/?s={search_term_string}"},"query-input":{"@type":"PropertyValueSpecification","valueRequired":true,"valueName":"search_term_string"}}],"inLanguage":"fr-FR"},{"@type":"Organization","@id":"https:\/\/lcp-services.fr\/#organization","name":"LCP Services","url":"https:\/\/lcp-services.fr\/","logo":{"@type":"ImageObject","inLanguage":"fr-FR","@id":"https:\/\/lcp-services.fr\/#\/schema\/logo\/image\/","url":"https:\/\/lcp-services.fr\/wp-content\/uploads\/2024\/02\/cropped-logo.png","contentUrl":"https:\/\/lcp-services.fr\/wp-content\/uploads\/2024\/02\/cropped-logo.png","width":792,"height":1115,"caption":"LCP Services"},"image":{"@id":"https:\/\/lcp-services.fr\/#\/schema\/logo\/image\/"}}]}},"_links":{"self":[{"href":"https:\/\/lcp-services.fr\/index.php\/wp-json\/wp\/v2\/pages\/103","targetHints":{"allow":["GET"]}}],"collection":[{"href":"https:\/\/lcp-services.fr\/index.php\/wp-json\/wp\/v2\/pages"}],"about":[{"href":"https:\/\/lcp-services.fr\/index.php\/wp-json\/wp\/v2\/types\/page"}],"author":[{"embeddable":true,"href":"https:\/\/lcp-services.fr\/index.php\/wp-json\/wp\/v2\/users\/1"}],"replies":[{"embeddable":true,"href":"https:\/\/lcp-services.fr\/index.php\/wp-json\/wp\/v2\/comments?post=103"}],"version-history":[{"count":10,"href":"https:\/\/lcp-services.fr\/index.php\/wp-json\/wp\/v2\/pages\/103\/revisions"}],"predecessor-version":[{"id":180,"href":"https:\/\/lcp-services.fr\/index.php\/wp-json\/wp\/v2\/pages\/103\/revisions\/180"}],"wp:featuredmedia":[{"embeddable":true,"href":"https:\/\/lcp-services.fr\/index.php\/wp-json\/wp\/v2\/media\/95"}],"wp:attachment":[{"href":"https:\/\/lcp-services.fr\/index.php\/wp-json\/wp\/v2\/media?parent=103"}],"curies":[{"name":"wp","href":"https:\/\/api.w.org\/{rel}","templated":true}]}}