{"id":157,"date":"2024-02-22T15:11:36","date_gmt":"2024-02-22T14:11:36","guid":{"rendered":"https:\/\/lcp-services.fr\/?page_id=157"},"modified":"2024-02-22T15:11:37","modified_gmt":"2024-02-22T14:11:37","slug":"politique-de-confidentialite-2","status":"publish","type":"page","link":"https:\/\/lcp-services.fr\/index.php\/politique-de-confidentialite-2\/","title":{"rendered":"Politique de confidentialit\u00e9"},"content":{"rendered":"\n<h2 class=\"wp-block-heading\">Qui sommes-nous&nbsp;?<\/h2>\n\n\n\n<p>L\u2019adresse de notre site est\u00a0: https:\/\/lcp-services.fr.<\/p>\n\n\n\n<h2 class=\"wp-block-heading\">Formulaire de contact<\/h2>\n\n\n\n<p>Quand vous laissez un message sur notre formulaire de contact, le site n&rsquo;enregistre pas vos donn\u00e9es ni ne les stocke. Le formulaire est envoy\u00e9 sur notre adresse email, o\u00f9 vos donn\u00e9es sont conserv\u00e9es 18 mois en accord avec la loi en vigueur. Pass\u00e9 ce d\u00e9lai, le contenu du formulaire est effac\u00e9 automatiquement. <\/p>\n\n\n\n<p><\/p>\n\n\n\n<h2 class=\"wp-block-heading\">Cookies<\/h2>\n\n\n\n<p>Ce site n&rsquo;utilise pas de cookies.<\/p>\n\n\n\n<h2 class=\"wp-block-heading\">Les droits que vous avez sur vos donn\u00e9es<\/h2>\n\n\n\n<p>A tout moment, vous pouvez nous \u00e9crire pour demander la destruction des donn\u00e9es inscrites sur le formulaire de contact, avant le d\u00e9lai l\u00e9gal de 18 mois.<\/p>\n","protected":false},"excerpt":{"rendered":"<p>Qui sommes-nous&nbsp;? L\u2019adresse de notre site est\u00a0: https:\/\/lcp-services.fr. Formulaire de contact Quand vous laissez un message sur notre formulaire de contact, le site n&rsquo;enregistre pas vos donn\u00e9es ni ne les stocke. Le formulaire est envoy\u00e9 sur notre adresse email, o\u00f9 vos donn\u00e9es sont conserv\u00e9es 18 mois en accord avec la [&hellip;]<\/p>\n","protected":false},"author":1,"featured_media":0,"parent":0,"menu_order":0,"comment_status":"closed","ping_status":"closed","template":"","meta":{"footnotes":""},"class_list":["post-157","page","type-page","status-publish","hentry"],"yoast_head":"<!-- This site is optimized with the Yoast SEO plugin v27.4 - https:\/\/yoast.com\/product\/yoast-seo-wordpress\/ -->\n<title>Politique de confidentialit\u00e9 - LCP Services<\/title>\n<meta name=\"robots\" content=\"index, follow, max-snippet:-1, max-image-preview:large, max-video-preview:-1\" \/>\n<link rel=\"canonical\" href=\"https:\/\/lcp-services.fr\/index.php\/politique-de-confidentialite-2\/\" \/>\n<meta property=\"og:locale\" content=\"fr_FR\" \/>\n<meta property=\"og:type\" content=\"article\" \/>\n<meta property=\"og:title\" content=\"Politique de confidentialit\u00e9 - LCP Services\" \/>\n<meta property=\"og:description\" content=\"Qui sommes-nous&nbsp;? L\u2019adresse de notre site est\u00a0: https:\/\/lcp-services.fr. Formulaire de contact Quand vous laissez un message sur notre formulaire de contact, le site n&rsquo;enregistre pas vos donn\u00e9es ni ne les stocke. Le formulaire est envoy\u00e9 sur notre adresse email, o\u00f9 vos donn\u00e9es sont conserv\u00e9es 18 mois en accord avec la [&hellip;]\" \/>\n<meta property=\"og:url\" content=\"https:\/\/lcp-services.fr\/index.php\/politique-de-confidentialite-2\/\" \/>\n<meta property=\"og:site_name\" content=\"LCP Services\" \/>\n<meta property=\"article:modified_time\" content=\"2024-02-22T14:11:37+00:00\" \/>\n<meta name=\"twitter:card\" content=\"summary_large_image\" \/>\n<meta name=\"twitter:label1\" content=\"Dur\u00e9e de lecture estim\u00e9e\" \/>\n\t<meta name=\"twitter:data1\" content=\"1 minute\" \/>\n<script type=\"application\/ld+json\" class=\"yoast-schema-graph\">{\"@context\":\"https:\\\/\\\/schema.org\",\"@graph\":[{\"@type\":\"WebPage\",\"@id\":\"https:\\\/\\\/lcp-services.fr\\\/index.php\\\/politique-de-confidentialite-2\\\/\",\"url\":\"https:\\\/\\\/lcp-services.fr\\\/index.php\\\/politique-de-confidentialite-2\\\/\",\"name\":\"Politique de confidentialit\u00e9 - LCP Services\",\"isPartOf\":{\"@id\":\"https:\\\/\\\/lcp-services.fr\\\/#website\"},\"datePublished\":\"2024-02-22T14:11:36+00:00\",\"dateModified\":\"2024-02-22T14:11:37+00:00\",\"breadcrumb\":{\"@id\":\"https:\\\/\\\/lcp-services.fr\\\/index.php\\\/politique-de-confidentialite-2\\\/#breadcrumb\"},\"inLanguage\":\"fr-FR\",\"potentialAction\":[{\"@type\":\"ReadAction\",\"target\":[\"https:\\\/\\\/lcp-services.fr\\\/index.php\\\/politique-de-confidentialite-2\\\/\"]}]},{\"@type\":\"BreadcrumbList\",\"@id\":\"https:\\\/\\\/lcp-services.fr\\\/index.php\\\/politique-de-confidentialite-2\\\/#breadcrumb\",\"itemListElement\":[{\"@type\":\"ListItem\",\"position\":1,\"name\":\"Accueil\",\"item\":\"https:\\\/\\\/lcp-services.fr\\\/\"},{\"@type\":\"ListItem\",\"position\":2,\"name\":\"Politique de confidentialit\u00e9\"}]},{\"@type\":\"WebSite\",\"@id\":\"https:\\\/\\\/lcp-services.fr\\\/#website\",\"url\":\"https:\\\/\\\/lcp-services.fr\\\/\",\"name\":\"LCP Services\",\"description\":\"Plomberie Electricit\u00e9 \u00e0 la Mure, Matheysine, Tri\u00e8ves, Beaumont, Vizille, Vif\",\"publisher\":{\"@id\":\"https:\\\/\\\/lcp-services.fr\\\/#organization\"},\"potentialAction\":[{\"@type\":\"SearchAction\",\"target\":{\"@type\":\"EntryPoint\",\"urlTemplate\":\"https:\\\/\\\/lcp-services.fr\\\/?s={search_term_string}\"},\"query-input\":{\"@type\":\"PropertyValueSpecification\",\"valueRequired\":true,\"valueName\":\"search_term_string\"}}],\"inLanguage\":\"fr-FR\"},{\"@type\":\"Organization\",\"@id\":\"https:\\\/\\\/lcp-services.fr\\\/#organization\",\"name\":\"LCP Services\",\"url\":\"https:\\\/\\\/lcp-services.fr\\\/\",\"logo\":{\"@type\":\"ImageObject\",\"inLanguage\":\"fr-FR\",\"@id\":\"https:\\\/\\\/lcp-services.fr\\\/#\\\/schema\\\/logo\\\/image\\\/\",\"url\":\"https:\\\/\\\/lcp-services.fr\\\/wp-content\\\/uploads\\\/2024\\\/02\\\/cropped-logo.png\",\"contentUrl\":\"https:\\\/\\\/lcp-services.fr\\\/wp-content\\\/uploads\\\/2024\\\/02\\\/cropped-logo.png\",\"width\":792,\"height\":1115,\"caption\":\"LCP Services\"},\"image\":{\"@id\":\"https:\\\/\\\/lcp-services.fr\\\/#\\\/schema\\\/logo\\\/image\\\/\"}}]}<\/script>\n<!-- \/ Yoast SEO plugin. -->","yoast_head_json":{"title":"Politique de confidentialit\u00e9 - LCP Services","robots":{"index":"index","follow":"follow","max-snippet":"max-snippet:-1","max-image-preview":"max-image-preview:large","max-video-preview":"max-video-preview:-1"},"canonical":"https:\/\/lcp-services.fr\/index.php\/politique-de-confidentialite-2\/","og_locale":"fr_FR","og_type":"article","og_title":"Politique de confidentialit\u00e9 - LCP Services","og_description":"Qui sommes-nous&nbsp;? L\u2019adresse de notre site est\u00a0: https:\/\/lcp-services.fr. Formulaire de contact Quand vous laissez un message sur notre formulaire de contact, le site n&rsquo;enregistre pas vos donn\u00e9es ni ne les stocke. Le formulaire est envoy\u00e9 sur notre adresse email, o\u00f9 vos donn\u00e9es sont conserv\u00e9es 18 mois en accord avec la [&hellip;]","og_url":"https:\/\/lcp-services.fr\/index.php\/politique-de-confidentialite-2\/","og_site_name":"LCP Services","article_modified_time":"2024-02-22T14:11:37+00:00","twitter_card":"summary_large_image","twitter_misc":{"Dur\u00e9e de lecture estim\u00e9e":"1 minute"},"schema":{"@context":"https:\/\/schema.org","@graph":[{"@type":"WebPage","@id":"https:\/\/lcp-services.fr\/index.php\/politique-de-confidentialite-2\/","url":"https:\/\/lcp-services.fr\/index.php\/politique-de-confidentialite-2\/","name":"Politique de confidentialit\u00e9 - LCP Services","isPartOf":{"@id":"https:\/\/lcp-services.fr\/#website"},"datePublished":"2024-02-22T14:11:36+00:00","dateModified":"2024-02-22T14:11:37+00:00","breadcrumb":{"@id":"https:\/\/lcp-services.fr\/index.php\/politique-de-confidentialite-2\/#breadcrumb"},"inLanguage":"fr-FR","potentialAction":[{"@type":"ReadAction","target":["https:\/\/lcp-services.fr\/index.php\/politique-de-confidentialite-2\/"]}]},{"@type":"BreadcrumbList","@id":"https:\/\/lcp-services.fr\/index.php\/politique-de-confidentialite-2\/#breadcrumb","itemListElement":[{"@type":"ListItem","position":1,"name":"Accueil","item":"https:\/\/lcp-services.fr\/"},{"@type":"ListItem","position":2,"name":"Politique de confidentialit\u00e9"}]},{"@type":"WebSite","@id":"https:\/\/lcp-services.fr\/#website","url":"https:\/\/lcp-services.fr\/","name":"LCP Services","description":"Plomberie Electricit\u00e9 \u00e0 la Mure, Matheysine, Tri\u00e8ves, Beaumont, Vizille, Vif","publisher":{"@id":"https:\/\/lcp-services.fr\/#organization"},"potentialAction":[{"@type":"SearchAction","target":{"@type":"EntryPoint","urlTemplate":"https:\/\/lcp-services.fr\/?s={search_term_string}"},"query-input":{"@type":"PropertyValueSpecification","valueRequired":true,"valueName":"search_term_string"}}],"inLanguage":"fr-FR"},{"@type":"Organization","@id":"https:\/\/lcp-services.fr\/#organization","name":"LCP Services","url":"https:\/\/lcp-services.fr\/","logo":{"@type":"ImageObject","inLanguage":"fr-FR","@id":"https:\/\/lcp-services.fr\/#\/schema\/logo\/image\/","url":"https:\/\/lcp-services.fr\/wp-content\/uploads\/2024\/02\/cropped-logo.png","contentUrl":"https:\/\/lcp-services.fr\/wp-content\/uploads\/2024\/02\/cropped-logo.png","width":792,"height":1115,"caption":"LCP Services"},"image":{"@id":"https:\/\/lcp-services.fr\/#\/schema\/logo\/image\/"}}]}},"_links":{"self":[{"href":"https:\/\/lcp-services.fr\/index.php\/wp-json\/wp\/v2\/pages\/157","targetHints":{"allow":["GET"]}}],"collection":[{"href":"https:\/\/lcp-services.fr\/index.php\/wp-json\/wp\/v2\/pages"}],"about":[{"href":"https:\/\/lcp-services.fr\/index.php\/wp-json\/wp\/v2\/types\/page"}],"author":[{"embeddable":true,"href":"https:\/\/lcp-services.fr\/index.php\/wp-json\/wp\/v2\/users\/1"}],"replies":[{"embeddable":true,"href":"https:\/\/lcp-services.fr\/index.php\/wp-json\/wp\/v2\/comments?post=157"}],"version-history":[{"count":1,"href":"https:\/\/lcp-services.fr\/index.php\/wp-json\/wp\/v2\/pages\/157\/revisions"}],"predecessor-version":[{"id":158,"href":"https:\/\/lcp-services.fr\/index.php\/wp-json\/wp\/v2\/pages\/157\/revisions\/158"}],"wp:attachment":[{"href":"https:\/\/lcp-services.fr\/index.php\/wp-json\/wp\/v2\/media?parent=157"}],"curies":[{"name":"wp","href":"https:\/\/api.w.org\/{rel}","templated":true}]}}