{"id":198,"date":"2024-08-20T21:49:56","date_gmt":"2024-08-20T19:49:56","guid":{"rendered":"https:\/\/lcp-services.fr\/?page_id=198"},"modified":"2024-11-09T21:12:11","modified_gmt":"2024-11-09T20:12:11","slug":"plomberie","status":"publish","type":"page","link":"https:\/\/lcp-services.fr\/index.php\/plomberie\/","title":{"rendered":"Plomberie"},"content":{"rendered":"\n<div class=\"wp-block-media-text is-stacked-on-mobile\"><figure class=\"wp-block-media-text__media\"><img loading=\"lazy\" decoding=\"async\" width=\"640\" height=\"427\" src=\"https:\/\/lcp-services.fr\/wp-content\/uploads\/2024\/08\/plomberie-renovation-la-mure.jpg\" alt=\"\" class=\"wp-image-200 size-full\" srcset=\"https:\/\/lcp-services.fr\/wp-content\/uploads\/2024\/08\/plomberie-renovation-la-mure.jpg 640w, https:\/\/lcp-services.fr\/wp-content\/uploads\/2024\/08\/plomberie-renovation-la-mure-300x200.jpg 300w, https:\/\/lcp-services.fr\/wp-content\/uploads\/2024\/08\/plomberie-renovation-la-mure-360x240.jpg 360w\" sizes=\"auto, (max-width: 640px) 100vw, 640px\" \/><\/figure><div class=\"wp-block-media-text__content\">\n<p>Installation, r\u00e9novation d&rsquo;\u00e9quipements sanitaires : cuisines, salles de bain, WC. Travail du cuivre, PER, multicouche.<\/p>\n<\/div><\/div>\n\n\n\n<div style=\"height:35px\" aria-hidden=\"true\" class=\"wp-block-spacer\"><\/div>\n\n\n\n<div class=\"wp-block-media-text is-stacked-on-mobile\"><figure class=\"wp-block-media-text__media\"><img loading=\"lazy\" decoding=\"async\" width=\"640\" height=\"427\" src=\"https:\/\/lcp-services.fr\/wp-content\/uploads\/2024\/08\/depannage_plombier_la_mure.jpg\" alt=\"\" class=\"wp-image-201 size-full\" srcset=\"https:\/\/lcp-services.fr\/wp-content\/uploads\/2024\/08\/depannage_plombier_la_mure.jpg 640w, https:\/\/lcp-services.fr\/wp-content\/uploads\/2024\/08\/depannage_plombier_la_mure-300x200.jpg 300w, https:\/\/lcp-services.fr\/wp-content\/uploads\/2024\/08\/depannage_plombier_la_mure-360x240.jpg 360w\" sizes=\"auto, (max-width: 640px) 100vw, 640px\" \/><\/figure><div class=\"wp-block-media-text__content\">\n<p>D\u00e9pannage plomberie : fuites, d\u00e9g\u00e2ts des eaux, remplacement d&rsquo;\u00e9quipements d\u00e9fectueux.<\/p>\n<\/div><\/div>\n\n\n\n<div style=\"height:35px\" aria-hidden=\"true\" class=\"wp-block-spacer\"><\/div>\n\n\n\n<div class=\"wp-block-media-text is-stacked-on-mobile\"><figure class=\"wp-block-media-text__media\"><img loading=\"lazy\" decoding=\"async\" width=\"640\" height=\"426\" src=\"https:\/\/lcp-services.fr\/wp-content\/uploads\/2024\/08\/recuperation-eau_isere.jpg\" alt=\"\" class=\"wp-image-220 size-full\" srcset=\"https:\/\/lcp-services.fr\/wp-content\/uploads\/2024\/08\/recuperation-eau_isere.jpg 640w, https:\/\/lcp-services.fr\/wp-content\/uploads\/2024\/08\/recuperation-eau_isere-300x200.jpg 300w, https:\/\/lcp-services.fr\/wp-content\/uploads\/2024\/08\/recuperation-eau_isere-360x240.jpg 360w\" sizes=\"auto, (max-width: 640px) 100vw, 640px\" \/><\/figure><div class=\"wp-block-media-text__content\">\n<p>Installation de syst\u00e8mes de r\u00e9cup\u00e9ration d&rsquo;eau de pluie et recyclage d&rsquo;eaux grises : alimentez vos toilettes et votre machine \u00e0 laver avec de l&rsquo;eau filtr\u00e9e. <strong><a href=\"https:\/\/lcp-services.fr\/index.php\/economies-eau\/\">En savoir plus&#8230;<\/a><\/strong><\/p>\n<\/div><\/div>\n\n\n\n<div style=\"height:35px\" aria-hidden=\"true\" class=\"wp-block-spacer\"><\/div>\n","protected":false},"excerpt":{"rendered":"<p>Installation, r\u00e9novation d&rsquo;\u00e9quipements sanitaires : cuisines, salles de bain, WC. Travail du cuivre, PER, multicouche. D\u00e9pannage plomberie : fuites, d\u00e9g\u00e2ts des eaux, remplacement d&rsquo;\u00e9quipements d\u00e9fectueux. Installation de syst\u00e8mes de r\u00e9cup\u00e9ration d&rsquo;eau de pluie et recyclage d&rsquo;eaux grises : alimentez vos toilettes et votre machine \u00e0 laver avec de l&rsquo;eau filtr\u00e9e. [&hellip;]<\/p>\n","protected":false},"author":1,"featured_media":0,"parent":0,"menu_order":0,"comment_status":"closed","ping_status":"closed","template":"","meta":{"footnotes":""},"class_list":["post-198","page","type-page","status-publish","hentry"],"yoast_head":"<!-- This site is optimized with the Yoast SEO plugin v27.4 - https:\/\/yoast.com\/product\/yoast-seo-wordpress\/ -->\n<title>Plomberie - LCP Services<\/title>\n<meta name=\"description\" content=\"Services de plomberie \u00e0 la mure, is\u00e8re, matheysine, tri\u00e8ves, vizille. D\u00e9pannage, installations, urgences plomberie, \u00e9conomies d&#039;eau...\" \/>\n<meta name=\"robots\" content=\"index, follow, max-snippet:-1, max-image-preview:large, max-video-preview:-1\" \/>\n<link rel=\"canonical\" href=\"https:\/\/lcp-services.fr\/index.php\/plomberie\/\" \/>\n<meta property=\"og:locale\" content=\"fr_FR\" \/>\n<meta property=\"og:type\" content=\"article\" \/>\n<meta property=\"og:title\" content=\"Plomberie - LCP Services\" \/>\n<meta property=\"og:description\" content=\"Services de plomberie \u00e0 la mure, is\u00e8re, matheysine, tri\u00e8ves, vizille. D\u00e9pannage, installations, urgences plomberie, \u00e9conomies d&#039;eau...\" \/>\n<meta property=\"og:url\" content=\"https:\/\/lcp-services.fr\/index.php\/plomberie\/\" \/>\n<meta property=\"og:site_name\" content=\"LCP Services\" \/>\n<meta property=\"article:modified_time\" content=\"2024-11-09T20:12:11+00:00\" \/>\n<meta property=\"og:image\" content=\"https:\/\/lcp-services.fr\/wp-content\/uploads\/2024\/08\/plomberie-renovation-la-mure.jpg\" \/>\n<meta name=\"twitter:card\" content=\"summary_large_image\" \/>\n<meta name=\"twitter:label1\" content=\"Dur\u00e9e de lecture estim\u00e9e\" \/>\n\t<meta name=\"twitter:data1\" content=\"2 minutes\" \/>\n<script type=\"application\/ld+json\" class=\"yoast-schema-graph\">{\"@context\":\"https:\\\/\\\/schema.org\",\"@graph\":[{\"@type\":\"WebPage\",\"@id\":\"https:\\\/\\\/lcp-services.fr\\\/index.php\\\/plomberie\\\/\",\"url\":\"https:\\\/\\\/lcp-services.fr\\\/index.php\\\/plomberie\\\/\",\"name\":\"Plomberie - LCP Services\",\"isPartOf\":{\"@id\":\"https:\\\/\\\/lcp-services.fr\\\/#website\"},\"primaryImageOfPage\":{\"@id\":\"https:\\\/\\\/lcp-services.fr\\\/index.php\\\/plomberie\\\/#primaryimage\"},\"image\":{\"@id\":\"https:\\\/\\\/lcp-services.fr\\\/index.php\\\/plomberie\\\/#primaryimage\"},\"thumbnailUrl\":\"https:\\\/\\\/lcp-services.fr\\\/wp-content\\\/uploads\\\/2024\\\/08\\\/plomberie-renovation-la-mure.jpg\",\"datePublished\":\"2024-08-20T19:49:56+00:00\",\"dateModified\":\"2024-11-09T20:12:11+00:00\",\"description\":\"Services de plomberie \u00e0 la mure, is\u00e8re, matheysine, tri\u00e8ves, vizille. D\u00e9pannage, installations, urgences plomberie, \u00e9conomies d'eau...\",\"breadcrumb\":{\"@id\":\"https:\\\/\\\/lcp-services.fr\\\/index.php\\\/plomberie\\\/#breadcrumb\"},\"inLanguage\":\"fr-FR\",\"potentialAction\":[{\"@type\":\"ReadAction\",\"target\":[\"https:\\\/\\\/lcp-services.fr\\\/index.php\\\/plomberie\\\/\"]}]},{\"@type\":\"ImageObject\",\"inLanguage\":\"fr-FR\",\"@id\":\"https:\\\/\\\/lcp-services.fr\\\/index.php\\\/plomberie\\\/#primaryimage\",\"url\":\"https:\\\/\\\/lcp-services.fr\\\/wp-content\\\/uploads\\\/2024\\\/08\\\/plomberie-renovation-la-mure.jpg\",\"contentUrl\":\"https:\\\/\\\/lcp-services.fr\\\/wp-content\\\/uploads\\\/2024\\\/08\\\/plomberie-renovation-la-mure.jpg\",\"width\":640,\"height\":427},{\"@type\":\"BreadcrumbList\",\"@id\":\"https:\\\/\\\/lcp-services.fr\\\/index.php\\\/plomberie\\\/#breadcrumb\",\"itemListElement\":[{\"@type\":\"ListItem\",\"position\":1,\"name\":\"Accueil\",\"item\":\"https:\\\/\\\/lcp-services.fr\\\/\"},{\"@type\":\"ListItem\",\"position\":2,\"name\":\"Plomberie\"}]},{\"@type\":\"WebSite\",\"@id\":\"https:\\\/\\\/lcp-services.fr\\\/#website\",\"url\":\"https:\\\/\\\/lcp-services.fr\\\/\",\"name\":\"LCP Services\",\"description\":\"Plomberie Electricit\u00e9 \u00e0 la Mure, Matheysine, Tri\u00e8ves, Beaumont, Vizille, Vif\",\"publisher\":{\"@id\":\"https:\\\/\\\/lcp-services.fr\\\/#organization\"},\"potentialAction\":[{\"@type\":\"SearchAction\",\"target\":{\"@type\":\"EntryPoint\",\"urlTemplate\":\"https:\\\/\\\/lcp-services.fr\\\/?s={search_term_string}\"},\"query-input\":{\"@type\":\"PropertyValueSpecification\",\"valueRequired\":true,\"valueName\":\"search_term_string\"}}],\"inLanguage\":\"fr-FR\"},{\"@type\":\"Organization\",\"@id\":\"https:\\\/\\\/lcp-services.fr\\\/#organization\",\"name\":\"LCP Services\",\"url\":\"https:\\\/\\\/lcp-services.fr\\\/\",\"logo\":{\"@type\":\"ImageObject\",\"inLanguage\":\"fr-FR\",\"@id\":\"https:\\\/\\\/lcp-services.fr\\\/#\\\/schema\\\/logo\\\/image\\\/\",\"url\":\"https:\\\/\\\/lcp-services.fr\\\/wp-content\\\/uploads\\\/2024\\\/02\\\/cropped-logo.png\",\"contentUrl\":\"https:\\\/\\\/lcp-services.fr\\\/wp-content\\\/uploads\\\/2024\\\/02\\\/cropped-logo.png\",\"width\":792,\"height\":1115,\"caption\":\"LCP Services\"},\"image\":{\"@id\":\"https:\\\/\\\/lcp-services.fr\\\/#\\\/schema\\\/logo\\\/image\\\/\"}}]}<\/script>\n<!-- \/ Yoast SEO plugin. -->","yoast_head_json":{"title":"Plomberie - LCP Services","description":"Services de plomberie \u00e0 la mure, is\u00e8re, matheysine, tri\u00e8ves, vizille. D\u00e9pannage, installations, urgences plomberie, \u00e9conomies d'eau...","robots":{"index":"index","follow":"follow","max-snippet":"max-snippet:-1","max-image-preview":"max-image-preview:large","max-video-preview":"max-video-preview:-1"},"canonical":"https:\/\/lcp-services.fr\/index.php\/plomberie\/","og_locale":"fr_FR","og_type":"article","og_title":"Plomberie - LCP Services","og_description":"Services de plomberie \u00e0 la mure, is\u00e8re, matheysine, tri\u00e8ves, vizille. D\u00e9pannage, installations, urgences plomberie, \u00e9conomies d'eau...","og_url":"https:\/\/lcp-services.fr\/index.php\/plomberie\/","og_site_name":"LCP Services","article_modified_time":"2024-11-09T20:12:11+00:00","og_image":[{"url":"https:\/\/lcp-services.fr\/wp-content\/uploads\/2024\/08\/plomberie-renovation-la-mure.jpg","type":"","width":"","height":""}],"twitter_card":"summary_large_image","twitter_misc":{"Dur\u00e9e de lecture estim\u00e9e":"2 minutes"},"schema":{"@context":"https:\/\/schema.org","@graph":[{"@type":"WebPage","@id":"https:\/\/lcp-services.fr\/index.php\/plomberie\/","url":"https:\/\/lcp-services.fr\/index.php\/plomberie\/","name":"Plomberie - LCP Services","isPartOf":{"@id":"https:\/\/lcp-services.fr\/#website"},"primaryImageOfPage":{"@id":"https:\/\/lcp-services.fr\/index.php\/plomberie\/#primaryimage"},"image":{"@id":"https:\/\/lcp-services.fr\/index.php\/plomberie\/#primaryimage"},"thumbnailUrl":"https:\/\/lcp-services.fr\/wp-content\/uploads\/2024\/08\/plomberie-renovation-la-mure.jpg","datePublished":"2024-08-20T19:49:56+00:00","dateModified":"2024-11-09T20:12:11+00:00","description":"Services de plomberie \u00e0 la mure, is\u00e8re, matheysine, tri\u00e8ves, vizille. D\u00e9pannage, installations, urgences plomberie, \u00e9conomies d'eau...","breadcrumb":{"@id":"https:\/\/lcp-services.fr\/index.php\/plomberie\/#breadcrumb"},"inLanguage":"fr-FR","potentialAction":[{"@type":"ReadAction","target":["https:\/\/lcp-services.fr\/index.php\/plomberie\/"]}]},{"@type":"ImageObject","inLanguage":"fr-FR","@id":"https:\/\/lcp-services.fr\/index.php\/plomberie\/#primaryimage","url":"https:\/\/lcp-services.fr\/wp-content\/uploads\/2024\/08\/plomberie-renovation-la-mure.jpg","contentUrl":"https:\/\/lcp-services.fr\/wp-content\/uploads\/2024\/08\/plomberie-renovation-la-mure.jpg","width":640,"height":427},{"@type":"BreadcrumbList","@id":"https:\/\/lcp-services.fr\/index.php\/plomberie\/#breadcrumb","itemListElement":[{"@type":"ListItem","position":1,"name":"Accueil","item":"https:\/\/lcp-services.fr\/"},{"@type":"ListItem","position":2,"name":"Plomberie"}]},{"@type":"WebSite","@id":"https:\/\/lcp-services.fr\/#website","url":"https:\/\/lcp-services.fr\/","name":"LCP Services","description":"Plomberie Electricit\u00e9 \u00e0 la Mure, Matheysine, Tri\u00e8ves, Beaumont, Vizille, Vif","publisher":{"@id":"https:\/\/lcp-services.fr\/#organization"},"potentialAction":[{"@type":"SearchAction","target":{"@type":"EntryPoint","urlTemplate":"https:\/\/lcp-services.fr\/?s={search_term_string}"},"query-input":{"@type":"PropertyValueSpecification","valueRequired":true,"valueName":"search_term_string"}}],"inLanguage":"fr-FR"},{"@type":"Organization","@id":"https:\/\/lcp-services.fr\/#organization","name":"LCP Services","url":"https:\/\/lcp-services.fr\/","logo":{"@type":"ImageObject","inLanguage":"fr-FR","@id":"https:\/\/lcp-services.fr\/#\/schema\/logo\/image\/","url":"https:\/\/lcp-services.fr\/wp-content\/uploads\/2024\/02\/cropped-logo.png","contentUrl":"https:\/\/lcp-services.fr\/wp-content\/uploads\/2024\/02\/cropped-logo.png","width":792,"height":1115,"caption":"LCP Services"},"image":{"@id":"https:\/\/lcp-services.fr\/#\/schema\/logo\/image\/"}}]}},"_links":{"self":[{"href":"https:\/\/lcp-services.fr\/index.php\/wp-json\/wp\/v2\/pages\/198","targetHints":{"allow":["GET"]}}],"collection":[{"href":"https:\/\/lcp-services.fr\/index.php\/wp-json\/wp\/v2\/pages"}],"about":[{"href":"https:\/\/lcp-services.fr\/index.php\/wp-json\/wp\/v2\/types\/page"}],"author":[{"embeddable":true,"href":"https:\/\/lcp-services.fr\/index.php\/wp-json\/wp\/v2\/users\/1"}],"replies":[{"embeddable":true,"href":"https:\/\/lcp-services.fr\/index.php\/wp-json\/wp\/v2\/comments?post=198"}],"version-history":[{"count":4,"href":"https:\/\/lcp-services.fr\/index.php\/wp-json\/wp\/v2\/pages\/198\/revisions"}],"predecessor-version":[{"id":262,"href":"https:\/\/lcp-services.fr\/index.php\/wp-json\/wp\/v2\/pages\/198\/revisions\/262"}],"wp:attachment":[{"href":"https:\/\/lcp-services.fr\/index.php\/wp-json\/wp\/v2\/media?parent=198"}],"curies":[{"name":"wp","href":"https:\/\/api.w.org\/{rel}","templated":true}]}}