{"id":2,"date":"2023-11-30T00:45:32","date_gmt":"2023-11-29T23:45:32","guid":{"rendered":"http:\/\/lcp-services.fr\/?page_id=2"},"modified":"2024-11-09T21:16:57","modified_gmt":"2024-11-09T20:16:57","slug":"electricite-isere","status":"publish","type":"page","link":"https:\/\/lcp-services.fr\/index.php\/electricite-isere\/","title":{"rendered":"Travaux d&rsquo;\u00e9lectricit\u00e9"},"content":{"rendered":"\n<div class=\"wp-block-media-text is-stacked-on-mobile\"><figure class=\"wp-block-media-text__media\"><img loading=\"lazy\" decoding=\"async\" width=\"640\" height=\"427\" src=\"https:\/\/lcp-services.fr\/wp-content\/uploads\/2024\/08\/depannage-electricite-lamure.jpg\" alt=\"\" class=\"wp-image-192 size-full\" srcset=\"https:\/\/lcp-services.fr\/wp-content\/uploads\/2024\/08\/depannage-electricite-lamure.jpg 640w, https:\/\/lcp-services.fr\/wp-content\/uploads\/2024\/08\/depannage-electricite-lamure-300x200.jpg 300w, https:\/\/lcp-services.fr\/wp-content\/uploads\/2024\/08\/depannage-electricite-lamure-360x240.jpg 360w\" sizes=\"auto, (max-width: 640px) 100vw, 640px\" \/><\/figure><div class=\"wp-block-media-text__content\">\n<p>Electricit\u00e9 g\u00e9n\u00e9rale, mise aux normes, r\u00e9novation et d\u00e9pannage : tableaux \u00e9lectriques, syst\u00e8mes d&rsquo;\u00e9clairage, interrupteurs et prises, recherche de probl\u00e8mes sur circuits existant&#8230;<\/p>\n<\/div><\/div>\n\n\n\n<p><\/p>\n\n\n\n<div class=\"wp-block-media-text is-stacked-on-mobile\"><figure class=\"wp-block-media-text__media\"><img loading=\"lazy\" decoding=\"async\" width=\"640\" height=\"452\" src=\"https:\/\/lcp-services.fr\/wp-content\/uploads\/2024\/08\/borne-voiture-electrique-isere.png\" alt=\"\" class=\"wp-image-193 size-full\" srcset=\"https:\/\/lcp-services.fr\/wp-content\/uploads\/2024\/08\/borne-voiture-electrique-isere.png 640w, https:\/\/lcp-services.fr\/wp-content\/uploads\/2024\/08\/borne-voiture-electrique-isere-300x212.png 300w\" sizes=\"auto, (max-width: 640px) 100vw, 640px\" \/><\/figure><div class=\"wp-block-media-text__content\">\n<p>Installation d&rsquo;infrastructures de recharge de v\u00e9hicules \u00e9lectriques (IRVE)<\/p>\n<\/div><\/div>\n\n\n\n<p><\/p>\n\n\n\n<div class=\"wp-block-media-text is-stacked-on-mobile\"><figure class=\"wp-block-media-text__media\"><img loading=\"lazy\" decoding=\"async\" width=\"640\" height=\"480\" src=\"https:\/\/lcp-services.fr\/wp-content\/uploads\/2024\/08\/securite-video-isere.jpg\" alt=\"\" class=\"wp-image-194 size-full\" srcset=\"https:\/\/lcp-services.fr\/wp-content\/uploads\/2024\/08\/securite-video-isere.jpg 640w, https:\/\/lcp-services.fr\/wp-content\/uploads\/2024\/08\/securite-video-isere-300x225.jpg 300w\" sizes=\"auto, (max-width: 640px) 100vw, 640px\" \/><\/figure><div class=\"wp-block-media-text__content\">\n<p>S\u00e9curisation et contr\u00f4le des acc\u00e8s : portails, vid\u00e9osurveillance, interphones&#8230;<\/p>\n<\/div><\/div>\n\n\n\n<div style=\"height:32px\" aria-hidden=\"true\" class=\"wp-block-spacer\"><\/div>\n","protected":false},"excerpt":{"rendered":"<p>Electricit\u00e9 g\u00e9n\u00e9rale, mise aux normes, r\u00e9novation et d\u00e9pannage : tableaux \u00e9lectriques, syst\u00e8mes d&rsquo;\u00e9clairage, interrupteurs et prises, recherche de probl\u00e8mes sur circuits existant&#8230; Installation d&rsquo;infrastructures de recharge de v\u00e9hicules \u00e9lectriques (IRVE) S\u00e9curisation et contr\u00f4le des acc\u00e8s : portails, vid\u00e9osurveillance, interphones&#8230;<\/p>\n","protected":false},"author":1,"featured_media":129,"parent":0,"menu_order":0,"comment_status":"closed","ping_status":"closed","template":"","meta":{"footnotes":""},"class_list":["post-2","page","type-page","status-publish","has-post-thumbnail","hentry"],"yoast_head":"<!-- This site is optimized with the Yoast SEO plugin v27.4 - https:\/\/yoast.com\/product\/yoast-seo-wordpress\/ -->\n<title>Travaux d&#039;\u00e9lectricit\u00e9 - LCP Services<\/title>\n<meta name=\"description\" content=\"Travaux d&#039;\u00e9lectricit\u00e9 g\u00e9n\u00e9rale en Sud Is\u00e8re, mise aux normes, contr\u00f4les, installations, d\u00e9pannages, s\u00e9curit\u00e9, bornes de recharge. Electricien expert\" \/>\n<meta name=\"robots\" content=\"index, follow, max-snippet:-1, max-image-preview:large, max-video-preview:-1\" \/>\n<link rel=\"canonical\" href=\"https:\/\/lcp-services.fr\/index.php\/electricite-isere\/\" \/>\n<meta property=\"og:locale\" content=\"fr_FR\" \/>\n<meta property=\"og:type\" content=\"article\" \/>\n<meta property=\"og:title\" content=\"Travaux d&#039;\u00e9lectricit\u00e9 - LCP Services\" \/>\n<meta property=\"og:description\" content=\"Travaux d&#039;\u00e9lectricit\u00e9 g\u00e9n\u00e9rale en Sud Is\u00e8re, mise aux normes, contr\u00f4les, installations, d\u00e9pannages, s\u00e9curit\u00e9, bornes de recharge. Electricien expert\" \/>\n<meta property=\"og:url\" content=\"https:\/\/lcp-services.fr\/index.php\/electricite-isere\/\" \/>\n<meta property=\"og:site_name\" content=\"LCP Services\" \/>\n<meta property=\"article:modified_time\" content=\"2024-11-09T20:16:57+00:00\" \/>\n<meta property=\"og:image\" content=\"https:\/\/lcp-services.fr\/wp-content\/uploads\/2024\/01\/cropped-bulb-5258341_1280.jpg\" \/>\n\t<meta property=\"og:image:width\" content=\"1279\" \/>\n\t<meta property=\"og:image:height\" content=\"735\" \/>\n\t<meta property=\"og:image:type\" content=\"image\/jpeg\" \/>\n<meta name=\"twitter:card\" content=\"summary_large_image\" \/>\n<meta name=\"twitter:label1\" content=\"Dur\u00e9e de lecture estim\u00e9e\" \/>\n\t<meta name=\"twitter:data1\" content=\"1 minute\" \/>\n<script type=\"application\/ld+json\" class=\"yoast-schema-graph\">{\"@context\":\"https:\\\/\\\/schema.org\",\"@graph\":[{\"@type\":\"WebPage\",\"@id\":\"https:\\\/\\\/lcp-services.fr\\\/index.php\\\/electricite-isere\\\/\",\"url\":\"https:\\\/\\\/lcp-services.fr\\\/index.php\\\/electricite-isere\\\/\",\"name\":\"Travaux d'\u00e9lectricit\u00e9 - LCP Services\",\"isPartOf\":{\"@id\":\"https:\\\/\\\/lcp-services.fr\\\/#website\"},\"primaryImageOfPage\":{\"@id\":\"https:\\\/\\\/lcp-services.fr\\\/index.php\\\/electricite-isere\\\/#primaryimage\"},\"image\":{\"@id\":\"https:\\\/\\\/lcp-services.fr\\\/index.php\\\/electricite-isere\\\/#primaryimage\"},\"thumbnailUrl\":\"https:\\\/\\\/lcp-services.fr\\\/wp-content\\\/uploads\\\/2024\\\/01\\\/cropped-bulb-5258341_1280.jpg\",\"datePublished\":\"2023-11-29T23:45:32+00:00\",\"dateModified\":\"2024-11-09T20:16:57+00:00\",\"description\":\"Travaux d'\u00e9lectricit\u00e9 g\u00e9n\u00e9rale en Sud Is\u00e8re, mise aux normes, contr\u00f4les, installations, d\u00e9pannages, s\u00e9curit\u00e9, bornes de recharge. Electricien expert\",\"breadcrumb\":{\"@id\":\"https:\\\/\\\/lcp-services.fr\\\/index.php\\\/electricite-isere\\\/#breadcrumb\"},\"inLanguage\":\"fr-FR\",\"potentialAction\":[{\"@type\":\"ReadAction\",\"target\":[\"https:\\\/\\\/lcp-services.fr\\\/index.php\\\/electricite-isere\\\/\"]}]},{\"@type\":\"ImageObject\",\"inLanguage\":\"fr-FR\",\"@id\":\"https:\\\/\\\/lcp-services.fr\\\/index.php\\\/electricite-isere\\\/#primaryimage\",\"url\":\"https:\\\/\\\/lcp-services.fr\\\/wp-content\\\/uploads\\\/2024\\\/01\\\/cropped-bulb-5258341_1280.jpg\",\"contentUrl\":\"https:\\\/\\\/lcp-services.fr\\\/wp-content\\\/uploads\\\/2024\\\/01\\\/cropped-bulb-5258341_1280.jpg\",\"width\":1279,\"height\":735,\"caption\":\"Electricit\u00e9 La Mure Matheysine\"},{\"@type\":\"BreadcrumbList\",\"@id\":\"https:\\\/\\\/lcp-services.fr\\\/index.php\\\/electricite-isere\\\/#breadcrumb\",\"itemListElement\":[{\"@type\":\"ListItem\",\"position\":1,\"name\":\"Accueil\",\"item\":\"https:\\\/\\\/lcp-services.fr\\\/\"},{\"@type\":\"ListItem\",\"position\":2,\"name\":\"Travaux d&rsquo;\u00e9lectricit\u00e9\"}]},{\"@type\":\"WebSite\",\"@id\":\"https:\\\/\\\/lcp-services.fr\\\/#website\",\"url\":\"https:\\\/\\\/lcp-services.fr\\\/\",\"name\":\"LCP Services\",\"description\":\"Plomberie Electricit\u00e9 \u00e0 la Mure, Matheysine, Tri\u00e8ves, Beaumont, Vizille, Vif\",\"publisher\":{\"@id\":\"https:\\\/\\\/lcp-services.fr\\\/#organization\"},\"potentialAction\":[{\"@type\":\"SearchAction\",\"target\":{\"@type\":\"EntryPoint\",\"urlTemplate\":\"https:\\\/\\\/lcp-services.fr\\\/?s={search_term_string}\"},\"query-input\":{\"@type\":\"PropertyValueSpecification\",\"valueRequired\":true,\"valueName\":\"search_term_string\"}}],\"inLanguage\":\"fr-FR\"},{\"@type\":\"Organization\",\"@id\":\"https:\\\/\\\/lcp-services.fr\\\/#organization\",\"name\":\"LCP Services\",\"url\":\"https:\\\/\\\/lcp-services.fr\\\/\",\"logo\":{\"@type\":\"ImageObject\",\"inLanguage\":\"fr-FR\",\"@id\":\"https:\\\/\\\/lcp-services.fr\\\/#\\\/schema\\\/logo\\\/image\\\/\",\"url\":\"https:\\\/\\\/lcp-services.fr\\\/wp-content\\\/uploads\\\/2024\\\/02\\\/cropped-logo.png\",\"contentUrl\":\"https:\\\/\\\/lcp-services.fr\\\/wp-content\\\/uploads\\\/2024\\\/02\\\/cropped-logo.png\",\"width\":792,\"height\":1115,\"caption\":\"LCP Services\"},\"image\":{\"@id\":\"https:\\\/\\\/lcp-services.fr\\\/#\\\/schema\\\/logo\\\/image\\\/\"}}]}<\/script>\n<!-- \/ Yoast SEO plugin. -->","yoast_head_json":{"title":"Travaux d'\u00e9lectricit\u00e9 - LCP Services","description":"Travaux d'\u00e9lectricit\u00e9 g\u00e9n\u00e9rale en Sud Is\u00e8re, mise aux normes, contr\u00f4les, installations, d\u00e9pannages, s\u00e9curit\u00e9, bornes de recharge. Electricien expert","robots":{"index":"index","follow":"follow","max-snippet":"max-snippet:-1","max-image-preview":"max-image-preview:large","max-video-preview":"max-video-preview:-1"},"canonical":"https:\/\/lcp-services.fr\/index.php\/electricite-isere\/","og_locale":"fr_FR","og_type":"article","og_title":"Travaux d'\u00e9lectricit\u00e9 - LCP Services","og_description":"Travaux d'\u00e9lectricit\u00e9 g\u00e9n\u00e9rale en Sud Is\u00e8re, mise aux normes, contr\u00f4les, installations, d\u00e9pannages, s\u00e9curit\u00e9, bornes de recharge. Electricien expert","og_url":"https:\/\/lcp-services.fr\/index.php\/electricite-isere\/","og_site_name":"LCP Services","article_modified_time":"2024-11-09T20:16:57+00:00","og_image":[{"width":1279,"height":735,"url":"https:\/\/lcp-services.fr\/wp-content\/uploads\/2024\/01\/cropped-bulb-5258341_1280.jpg","type":"image\/jpeg"}],"twitter_card":"summary_large_image","twitter_misc":{"Dur\u00e9e de lecture estim\u00e9e":"1 minute"},"schema":{"@context":"https:\/\/schema.org","@graph":[{"@type":"WebPage","@id":"https:\/\/lcp-services.fr\/index.php\/electricite-isere\/","url":"https:\/\/lcp-services.fr\/index.php\/electricite-isere\/","name":"Travaux d'\u00e9lectricit\u00e9 - LCP Services","isPartOf":{"@id":"https:\/\/lcp-services.fr\/#website"},"primaryImageOfPage":{"@id":"https:\/\/lcp-services.fr\/index.php\/electricite-isere\/#primaryimage"},"image":{"@id":"https:\/\/lcp-services.fr\/index.php\/electricite-isere\/#primaryimage"},"thumbnailUrl":"https:\/\/lcp-services.fr\/wp-content\/uploads\/2024\/01\/cropped-bulb-5258341_1280.jpg","datePublished":"2023-11-29T23:45:32+00:00","dateModified":"2024-11-09T20:16:57+00:00","description":"Travaux d'\u00e9lectricit\u00e9 g\u00e9n\u00e9rale en Sud Is\u00e8re, mise aux normes, contr\u00f4les, installations, d\u00e9pannages, s\u00e9curit\u00e9, bornes de recharge. Electricien expert","breadcrumb":{"@id":"https:\/\/lcp-services.fr\/index.php\/electricite-isere\/#breadcrumb"},"inLanguage":"fr-FR","potentialAction":[{"@type":"ReadAction","target":["https:\/\/lcp-services.fr\/index.php\/electricite-isere\/"]}]},{"@type":"ImageObject","inLanguage":"fr-FR","@id":"https:\/\/lcp-services.fr\/index.php\/electricite-isere\/#primaryimage","url":"https:\/\/lcp-services.fr\/wp-content\/uploads\/2024\/01\/cropped-bulb-5258341_1280.jpg","contentUrl":"https:\/\/lcp-services.fr\/wp-content\/uploads\/2024\/01\/cropped-bulb-5258341_1280.jpg","width":1279,"height":735,"caption":"Electricit\u00e9 La Mure Matheysine"},{"@type":"BreadcrumbList","@id":"https:\/\/lcp-services.fr\/index.php\/electricite-isere\/#breadcrumb","itemListElement":[{"@type":"ListItem","position":1,"name":"Accueil","item":"https:\/\/lcp-services.fr\/"},{"@type":"ListItem","position":2,"name":"Travaux d&rsquo;\u00e9lectricit\u00e9"}]},{"@type":"WebSite","@id":"https:\/\/lcp-services.fr\/#website","url":"https:\/\/lcp-services.fr\/","name":"LCP Services","description":"Plomberie Electricit\u00e9 \u00e0 la Mure, Matheysine, Tri\u00e8ves, Beaumont, Vizille, Vif","publisher":{"@id":"https:\/\/lcp-services.fr\/#organization"},"potentialAction":[{"@type":"SearchAction","target":{"@type":"EntryPoint","urlTemplate":"https:\/\/lcp-services.fr\/?s={search_term_string}"},"query-input":{"@type":"PropertyValueSpecification","valueRequired":true,"valueName":"search_term_string"}}],"inLanguage":"fr-FR"},{"@type":"Organization","@id":"https:\/\/lcp-services.fr\/#organization","name":"LCP Services","url":"https:\/\/lcp-services.fr\/","logo":{"@type":"ImageObject","inLanguage":"fr-FR","@id":"https:\/\/lcp-services.fr\/#\/schema\/logo\/image\/","url":"https:\/\/lcp-services.fr\/wp-content\/uploads\/2024\/02\/cropped-logo.png","contentUrl":"https:\/\/lcp-services.fr\/wp-content\/uploads\/2024\/02\/cropped-logo.png","width":792,"height":1115,"caption":"LCP Services"},"image":{"@id":"https:\/\/lcp-services.fr\/#\/schema\/logo\/image\/"}}]}},"_links":{"self":[{"href":"https:\/\/lcp-services.fr\/index.php\/wp-json\/wp\/v2\/pages\/2","targetHints":{"allow":["GET"]}}],"collection":[{"href":"https:\/\/lcp-services.fr\/index.php\/wp-json\/wp\/v2\/pages"}],"about":[{"href":"https:\/\/lcp-services.fr\/index.php\/wp-json\/wp\/v2\/types\/page"}],"author":[{"embeddable":true,"href":"https:\/\/lcp-services.fr\/index.php\/wp-json\/wp\/v2\/users\/1"}],"replies":[{"embeddable":true,"href":"https:\/\/lcp-services.fr\/index.php\/wp-json\/wp\/v2\/comments?post=2"}],"version-history":[{"count":6,"href":"https:\/\/lcp-services.fr\/index.php\/wp-json\/wp\/v2\/pages\/2\/revisions"}],"predecessor-version":[{"id":218,"href":"https:\/\/lcp-services.fr\/index.php\/wp-json\/wp\/v2\/pages\/2\/revisions\/218"}],"wp:featuredmedia":[{"embeddable":true,"href":"https:\/\/lcp-services.fr\/index.php\/wp-json\/wp\/v2\/media\/129"}],"wp:attachment":[{"href":"https:\/\/lcp-services.fr\/index.php\/wp-json\/wp\/v2\/media?parent=2"}],"curies":[{"name":"wp","href":"https:\/\/api.w.org\/{rel}","templated":true}]}}